{"id":2775,"date":"2018-06-19T10:45:31","date_gmt":"2018-06-19T10:45:31","guid":{"rendered":"https:\/\/a-architecture.al\/projects\/"},"modified":"2026-02-08T11:10:26","modified_gmt":"2026-02-08T11:10:26","slug":"projects","status":"publish","type":"page","link":"https:\/\/a-architecture.al\/sq\/projects\/","title":{"rendered":"Projekte"},"content":{"rendered":"<div data-elementor-type=\"wp-post\" data-elementor-id=\"2775\" class=\"elementor elementor-2775\">\n\t\t\t\t<div class=\"aux-parallax-section elementor-element elementor-element-bcc00a2 e-flex e-con-boxed e-con e-parent\" data-id=\"bcc00a2\" data-element_type=\"container\" data-e-type=\"container\" data-settings=\"{&quot;background_background&quot;:&quot;classic&quot;}\">\n\t\t\t\t\t<div class=\"e-con-inner\">\n\t\t<div class=\"elementor-element elementor-element-42a8a20 aux-appear-watch-animation aux-fade-in-right e-con-full e-flex e-con e-child\" data-id=\"42a8a20\" data-element_type=\"container\" data-e-type=\"container\">\n\t\t\t\t<div class=\"elementor-element elementor-element-eddb422 elementor-widget elementor-widget-aux_modern_heading\" data-id=\"eddb422\" data-element_type=\"widget\" data-e-type=\"widget\" data-widget_type=\"aux_modern_heading.default\">\n\t\t\t\t<div class=\"elementor-widget-container\">\n\t\t\t\t\t<section class=\"aux-widget-modern-heading\">\n            <div class=\"aux-widget-inner\"><h2 class=\"aux-modern-heading-primary\">Projekte<\/h2><\/div>\n        <\/section>\t\t\t\t<\/div>\n\t\t\t\t<\/div>\n\t\t\t\t<\/div>\n\t\t\t\t\t<\/div>\n\t\t\t\t<\/div>\n\t\t<div class=\"aux-parallax-section elementor-element elementor-element-b0a7e99 e-flex e-con-boxed e-con e-parent\" data-id=\"b0a7e99\" data-element_type=\"container\" data-e-type=\"container\">\n\t\t\t\t\t<div class=\"e-con-inner\">\n\t\t<div class=\"elementor-element elementor-element-4d5e483 aux-appear-watch-animation aux-fade-in-up e-con-full e-flex e-con e-child\" data-id=\"4d5e483\" data-element_type=\"container\" data-e-type=\"container\">\n\t\t<div class=\"elementor-element elementor-element-cf2b7ac e-con-full e-flex e-con e-child\" data-id=\"cf2b7ac\" data-element_type=\"container\" data-e-type=\"container\">\n\t\t\t\t<div class=\"elementor-element elementor-element-dc984cb elementor-widget elementor-widget-aux_modern_heading\" data-id=\"dc984cb\" data-element_type=\"widget\" data-e-type=\"widget\" data-widget_type=\"aux_modern_heading.default\">\n\t\t\t\t<div class=\"elementor-widget-container\">\n\t\t\t\t\t<section class=\"aux-widget-modern-heading\">\n            <div class=\"aux-widget-inner\"><h2 class=\"aux-modern-heading-primary\">Projektet tona<\/h2><h3 class=\"aux-modern-heading-secondary\"><span class=\"aux-head-before\">Disa nga pun\u00ebt tona<\/span><\/h3><div class=\"aux-modern-heading-divider\"><\/div><\/div>\n        <\/section>\t\t\t\t<\/div>\n\t\t\t\t<\/div>\n\t\t\t\t<\/div>\n\t\t<div class=\"elementor-element elementor-element-7284f6c e-con-full e-flex e-con e-child\" data-id=\"7284f6c\" data-element_type=\"container\" data-e-type=\"container\">\n\t\t\t\t<div class=\"elementor-element elementor-element-d2fb5ef elementor-widget elementor-widget-heading\" data-id=\"d2fb5ef\" data-element_type=\"widget\" data-e-type=\"widget\" data-widget_type=\"heading.default\">\n\t\t\t\t<div class=\"elementor-widget-container\">\n\t\t\t\t\t<p class=\"elementor-heading-title elementor-size-default\">Nj\u00eb koleksion projektesh q\u00eb pasqyrojn\u00eb  procesin ton\u00eb, vlerat tona dhe p\u00ebrkushtimin ndaj dizajnit t\u00eb menduar me kujdes.<\/p>\t\t\t\t<\/div>\n\t\t\t\t<\/div>\n\t\t\t\t<\/div>\n\t\t\t\t<\/div>\n\t\t\t\t\t<\/div>\n\t\t\t\t<\/div>\n\t\t<div class=\"aux-parallax-section elementor-element elementor-element-591eec5 aux-appear-watch-animation aux-fade-in-up e-flex e-con-boxed e-con e-parent\" data-id=\"591eec5\" data-element_type=\"container\" data-e-type=\"container\">\n\t\t\t\t\t<div class=\"e-con-inner\">\n\t\t<div class=\"elementor-element elementor-element-f468267 e-con-full e-flex e-con e-child\" data-id=\"f468267\" data-element_type=\"container\" data-e-type=\"container\">\n\t\t\t\t<div class=\"elementor-element elementor-element-284f650 aux-arch-home-port elementor-widget elementor-widget-aux_recent_portfolios_grid\" data-id=\"284f650\" data-element_type=\"widget\" data-e-type=\"widget\" data-settings=\"{&quot;columns_tablet&quot;:&quot;2&quot;,&quot;columns&quot;:&quot;3&quot;,&quot;columns_mobile&quot;:&quot;1&quot;}\" data-widget_type=\"aux_recent_portfolios_grid.default\">\n\t\t\t\t<div class=\"elementor-widget-container\">\n\t\t\t\t\t<section class=\"widget-container aux-widget-recent-portfolios aux-parent-aue7de33fc\"><div id=\"69d297dd43a90\" data-element-id=\"aue7de33fc\" class=\"aux-portfolio-columns aux-ajax-view aux-isotope-animated aux-isotope-layout aux-layout-grid aux-no-gutter aux-row aux-match-height aux-de-col3 aux-tb-col2 aux-mb-col1 aux-lightbox-gallery\" data-lazyload=\"true\" data-space=\"30\" data-pagination=\"true\" data-deeplink=\"true\" data-slug=\"\" data-perpage=\"8\" data-layout=\"fitRows\" data-reveal-transition-duration=\"600\" data-reveal-between-delay=\"60\" data-hide-transition-duration=\"600\" data-hide-between-delay=\"30\" data-num=\"\" data-order=\"ASC\" data-orderby=\"date\" data-taxonomy=\"\" data-n=\"61c95b0eb2\"><div class=\"aux-items-loading aux-loading-hide\"><div class=\"aux-loading-loop\"><svg class=\"aux-circle\" width=\"100%\" height=\"100%\" viewbox=\"0 0 42 42\"><circle class=\"aux-stroke-bg\" r=\"20\" cx=\"21\" cy=\"21\" fill=\"none\"><\/circle><circle class=\"aux-progress\" r=\"20\" cx=\"21\" cy=\"21\" fill=\"none\" transform=\"rotate(-90 21 21)\"><\/circle><\/svg><\/div><\/div><div class=\"aux-iso-item aux-loading aux-col\">                         <article class=\"aux-item-overlay aux-hover-active aux-hover-twoway  post-2772 portfolio type-portfolio status-publish has-post-thumbnail hentry portfolio-cat-architecture portfolio-tag-uncategorized portfolio-filter-uncategorized\" >\n                                <div class=\"entry-media aux-frame-darken aux-frame-zoom\">\n                                    <div class=\"aux-media-frame aux-media-image\"><a href=\"https:\/\/a-architecture.al\/sq\/portfolio\/hotel-and-services-building\/\"><img fetchpriority=\"high\" width=\"606\" height=\"455\" class=\"aux-attachment aux-featured-image attachment-606.66666666667x455 aux-attachment-id-3961\" alt=\"r2\" data-ratio=\"1.33\" data-original-w=\"1920\" sizes=\"auto\" data-srcset=\"https:\/\/a-architecture.al\/wp-content\/uploads\/2018\/06\/r2-150x113.jpg 150w,https:\/\/a-architecture.al\/wp-content\/uploads\/2018\/06\/r2-300x225.jpg 300w,https:\/\/a-architecture.al\/wp-content\/uploads\/2018\/06\/r2-768x576.jpg 768w,https:\/\/a-architecture.al\/wp-content\/uploads\/2018\/06\/r2-1024x768.jpg 1024w,https:\/\/a-architecture.al\/wp-content\/uploads\/2018\/06\/r2-607x455.jpg 607w,https:\/\/a-architecture.al\/wp-content\/uploads\/2018\/06\/r2-1910x1432.jpg 1910w\" data-src=\"https:\/\/a-architecture.al\/wp-content\/uploads\/2018\/06\/r2-607x455.jpg\" \/><\/a><\/div>                                <\/div>\n\n                                <div class=\"aux-overlay-content\">\n                                                                        <div class=\"aux-portfolio-overlay-buttons\">\n                                        <div class=\"aux-hover-circle-plus aux-delay-2x\">\n                                            <a href=\"https:\/\/a-architecture.al\/wp-content\/uploads\/2018\/06\/r2.jpg\" data-elementor-open-lightbox = \"no\" data-original-width = \"1920\" data-original-height = \"1080\" data-caption = \"r2\" class=\"aux-lightbox-btn\" >\n                                                <div class=\"aux-arrow-nav aux-round aux-hover-slide aux-outline aux-semi-small aux-white\">\n                                                    <span class=\"aux-overlay\"><\/span>\n                                                    <span class=\"aux-svg-arrow aux-medium-plus aux-white\"><\/span>\n                                                    <span class=\"aux-hover-arrow aux-svg-arrow aux-medium-plus aux-black\"><\/span>\n                                                <\/div>\n                                            <\/a>\n                                        <\/div>\n                                        <div class=\"aux-arrow-post-link aux-hover-circle-link\">\n                                            <a href=\"https:\/\/a-architecture.al\/sq\/portfolio\/hotel-and-services-building\/\">\n                                                <div class=\"aux-arrow-nav aux-round aux-hover-slide aux-outline aux-semi-small aux-white\">\n                                                    <span class=\"aux-overlay\"><\/span>\n                                                    <span class=\"aux-svg-arrow aux-medium-right aux-white\"><\/span>\n                                                    <span class=\"aux-hover-arrow aux-svg-arrow aux-medium-right aux-black\"><\/span>\n                                                <\/div>\n                                            <\/a>\n                                        <\/div>\n\n                                    <\/div>\n                                                                                                            <div class=\"entry-main\">\n\n                                                                        <header class=\"entry-header\">\n                                        <h3 class=\"entry-title aux-hover-move-up\">\n                                            <a href=\"https:\/\/a-architecture.al\/sq\/portfolio\/hotel-and-services-building\/\">\n                                                OBJEKT HOTELERI DHE SHERBIMESH                                            <\/a>\n                                        <\/h3>\n                                    <\/header>\n                                                                                                                                                <\/div>\n                                                                <\/div>\n                        <\/article>\n<\/div><div class=\"aux-iso-item aux-loading aux-col\">                         <article class=\"aux-item-overlay aux-hover-active aux-hover-twoway  post-2771 portfolio type-portfolio status-publish has-post-thumbnail hentry portfolio-cat-residential-and-service-building portfolio-tag-uncategorized portfolio-filter-uncategorized\" >\n                                <div class=\"entry-media aux-frame-darken aux-frame-zoom\">\n                                    <div class=\"aux-media-frame aux-media-image\"><a href=\"https:\/\/a-architecture.al\/sq\/portfolio\/multi-family-residential-building\/\"><img width=\"606\" height=\"455\" class=\"aux-attachment aux-featured-image attachment-606.66666666667x455 aux-attachment-id-3953\" alt=\"pallati mandi naten_PhysCamera004\" data-ratio=\"1.33\" data-original-w=\"1650\" sizes=\"auto\" data-srcset=\"https:\/\/a-architecture.al\/wp-content\/uploads\/2018\/06\/pallati-mandi-naten_PhysCamera004-150x113.jpg 150w,https:\/\/a-architecture.al\/wp-content\/uploads\/2018\/06\/pallati-mandi-naten_PhysCamera004-300x225.jpg 300w,https:\/\/a-architecture.al\/wp-content\/uploads\/2018\/06\/pallati-mandi-naten_PhysCamera004-768x576.jpg 768w,https:\/\/a-architecture.al\/wp-content\/uploads\/2018\/06\/pallati-mandi-naten_PhysCamera004-1024x768.jpg 1024w,https:\/\/a-architecture.al\/wp-content\/uploads\/2018\/06\/pallati-mandi-naten_PhysCamera004-607x455.jpg 607w,https:\/\/a-architecture.al\/wp-content\/uploads\/2018\/06\/pallati-mandi-naten_PhysCamera004-1640x1230.jpg 1640w\" data-src=\"https:\/\/a-architecture.al\/wp-content\/uploads\/2018\/06\/pallati-mandi-naten_PhysCamera004-607x455.jpg\" \/><\/a><\/div>                                <\/div>\n\n                                <div class=\"aux-overlay-content\">\n                                                                        <div class=\"aux-portfolio-overlay-buttons\">\n                                        <div class=\"aux-hover-circle-plus aux-delay-2x\">\n                                            <a href=\"https:\/\/a-architecture.al\/wp-content\/uploads\/2018\/06\/pallati-mandi-naten_PhysCamera004.jpg\" data-elementor-open-lightbox = \"no\" data-original-width = \"1650\" data-original-height = \"1920\" data-caption = \"pallati mandi naten_PhysCamera004\" class=\"aux-lightbox-btn\" >\n                                                <div class=\"aux-arrow-nav aux-round aux-hover-slide aux-outline aux-semi-small aux-white\">\n                                                    <span class=\"aux-overlay\"><\/span>\n                                                    <span class=\"aux-svg-arrow aux-medium-plus aux-white\"><\/span>\n                                                    <span class=\"aux-hover-arrow aux-svg-arrow aux-medium-plus aux-black\"><\/span>\n                                                <\/div>\n                                            <\/a>\n                                        <\/div>\n                                        <div class=\"aux-arrow-post-link aux-hover-circle-link\">\n                                            <a href=\"https:\/\/a-architecture.al\/sq\/portfolio\/multi-family-residential-building\/\">\n                                                <div class=\"aux-arrow-nav aux-round aux-hover-slide aux-outline aux-semi-small aux-white\">\n                                                    <span class=\"aux-overlay\"><\/span>\n                                                    <span class=\"aux-svg-arrow aux-medium-right aux-white\"><\/span>\n                                                    <span class=\"aux-hover-arrow aux-svg-arrow aux-medium-right aux-black\"><\/span>\n                                                <\/div>\n                                            <\/a>\n                                        <\/div>\n\n                                    <\/div>\n                                                                                                            <div class=\"entry-main\">\n\n                                                                        <header class=\"entry-header\">\n                                        <h3 class=\"entry-title aux-hover-move-up\">\n                                            <a href=\"https:\/\/a-architecture.al\/sq\/portfolio\/multi-family-residential-building\/\">\n                                                OBJEKT SHUM\u00cb-FAMILJAR                                            <\/a>\n                                        <\/h3>\n                                    <\/header>\n                                                                                                                                                <\/div>\n                                                                <\/div>\n                        <\/article>\n<\/div><div class=\"aux-iso-item aux-loading aux-col\">                         <article class=\"aux-item-overlay aux-hover-active aux-hover-twoway  post-2770 portfolio type-portfolio status-publish has-post-thumbnail hentry portfolio-cat-agritourism-structure portfolio-tag-uncategorized portfolio-filter-uncategorized\" >\n                                <div class=\"entry-media aux-frame-darken aux-frame-zoom\">\n                                    <div class=\"aux-media-frame aux-media-image\"><a href=\"https:\/\/a-architecture.al\/sq\/portfolio\/agritourism-structure\/\"><img width=\"606\" height=\"455\" class=\"aux-attachment aux-featured-image attachment-606.66666666667x455 aux-attachment-id-3925\" alt=\"1\" data-ratio=\"1.33\" data-original-w=\"1920\" sizes=\"auto\" data-srcset=\"https:\/\/a-architecture.al\/wp-content\/uploads\/2018\/06\/1-150x113.jpg 150w,https:\/\/a-architecture.al\/wp-content\/uploads\/2018\/06\/1-300x225.jpg 300w,https:\/\/a-architecture.al\/wp-content\/uploads\/2018\/06\/1-768x576.jpg 768w,https:\/\/a-architecture.al\/wp-content\/uploads\/2018\/06\/1-1024x768.jpg 1024w,https:\/\/a-architecture.al\/wp-content\/uploads\/2018\/06\/1-607x455.jpg 607w,https:\/\/a-architecture.al\/wp-content\/uploads\/2018\/06\/1-1910x1432.jpg 1910w\" data-src=\"https:\/\/a-architecture.al\/wp-content\/uploads\/2018\/06\/1-607x455.jpg\" \/><\/a><\/div>                                <\/div>\n\n                                <div class=\"aux-overlay-content\">\n                                                                        <div class=\"aux-portfolio-overlay-buttons\">\n                                        <div class=\"aux-hover-circle-plus aux-delay-2x\">\n                                            <a href=\"https:\/\/a-architecture.al\/wp-content\/uploads\/2018\/06\/1.jpg\" data-elementor-open-lightbox = \"no\" data-original-width = \"1920\" data-original-height = \"1080\" data-caption = \"1\" class=\"aux-lightbox-btn\" >\n                                                <div class=\"aux-arrow-nav aux-round aux-hover-slide aux-outline aux-semi-small aux-white\">\n                                                    <span class=\"aux-overlay\"><\/span>\n                                                    <span class=\"aux-svg-arrow aux-medium-plus aux-white\"><\/span>\n                                                    <span class=\"aux-hover-arrow aux-svg-arrow aux-medium-plus aux-black\"><\/span>\n                                                <\/div>\n                                            <\/a>\n                                        <\/div>\n                                        <div class=\"aux-arrow-post-link aux-hover-circle-link\">\n                                            <a href=\"https:\/\/a-architecture.al\/sq\/portfolio\/agritourism-structure\/\">\n                                                <div class=\"aux-arrow-nav aux-round aux-hover-slide aux-outline aux-semi-small aux-white\">\n                                                    <span class=\"aux-overlay\"><\/span>\n                                                    <span class=\"aux-svg-arrow aux-medium-right aux-white\"><\/span>\n                                                    <span class=\"aux-hover-arrow aux-svg-arrow aux-medium-right aux-black\"><\/span>\n                                                <\/div>\n                                            <\/a>\n                                        <\/div>\n\n                                    <\/div>\n                                                                                                            <div class=\"entry-main\">\n\n                                                                        <header class=\"entry-header\">\n                                        <h3 class=\"entry-title aux-hover-move-up\">\n                                            <a href=\"https:\/\/a-architecture.al\/sq\/portfolio\/agritourism-structure\/\">\n                                                2 STRUKTURA AKOMODUESE AGROTURIZMI 2 KAT DHE PISHIN\u00cb                                            <\/a>\n                                        <\/h3>\n                                    <\/header>\n                                                                                                                                                <\/div>\n                                                                <\/div>\n                        <\/article>\n<\/div><\/div><script type=\"text\/javascript\">var aue7de33fcAjaxConfig = {\"title\":\"\",\"cat\":[],\"num\":\"\",\"only_posts__in\":\"\",\"include\":\"\",\"exclude\":\"\",\"posts_per_page\":-1,\"offset\":\"\",\"order_by\":\"date\",\"order\":\"ASC\",\"exclude_without_media\":\"yes\",\"display_like\":\"no\",\"deeplink\":\"no\",\"use_ajax\":\"no\",\"deeplink_slug\":null,\"show_filters\":\"\",\"filter_by\":null,\"filter_style\":null,\"filter_align\":null,\"reveal_transition_duration\":\"600\",\"reveal_between_delay\":\"60\",\"hide_transition_duration\":\"600\",\"hide_between_delay\":\"30\",\"item_style\":\"overlay-lightbox\",\"tile_style_pattern\":\"default\",\"tiles_item_style\":\"overlay\",\"entry_background_color\":\"\",\"entry_border_color\":\"\",\"paginate\":\"yes\",\"perpage\":\"8\",\"crop\":true,\"display_title\":\"yes\",\"show_info\":\"\",\"display_read_more\":false,\"image_aspect_ratio\":\"0.75\",\"space\":\"30\",\"desktop_cnum\":\"3\",\"tablet_cnum\":\"2\",\"phone_cnum\":\"1\",\"layout\":\"grid\",\"tag\":\"\",\"filter\":\"\",\"extra_classes\":\"\",\"extra_column_classes\":\"\",\"custom_el_id\":\"\",\"template_part_file\":\"recent-portfolio\",\"extra_template_path\":\"\\\/home\\\/compjnam\\\/a-architecture.al\\\/wp-content\\\/plugins\\\/auxin-portfolio\\\/public\\\/templates\\\/elements\",\"universal_id\":\"aue7de33fc\",\"query_args\":[],\"term\":\"\",\"reset_query\":true,\"use_wp_query\":false,\"wp_query_args\":[],\"custom_wp_query\":\"\",\"loadmore_type\":null,\"loadmore_label\":null,\"loadmore_per_page\":12,\"term_field\":\"slug\",\"base\":\"aux_recent_portfolios_grid\",\"base_class\":\"aux-widget-recent-portfolios\",\"paged\":\"\",\"override_global_query\":false,\"content\":null,\"skip_wrappers\":false,\"content_width\":2000,\"inview_transition\":\"none\",\"inview_duration\":\"\",\"inview_delay\":\"\",\"inview_repeat\":\"no\",\"inview_offset\":\"\",\"called_from\":\"elementor\"};<\/script><\/section><!-- widget-container -->\t\t\t\t<\/div>\n\t\t\t\t<\/div>\n\t\t\t\t<\/div>\n\t\t\t\t\t<\/div>\n\t\t\t\t<\/div>\n\t\t\t\t<\/div>","protected":false},"excerpt":{"rendered":"<p>Project OUR PROJECTS Some of our works A collection of projects that showcase our process, our values, and our commitment to thoughtful design. HOTEL AND SERVICES BUILDING, 4 FLOORS WITH 1 BASEMENT FLOOR AND SWIMMING POOL Residential and Service Building with 5, 7, 9, and 11 Floors and 2 Underground Parking Levels ACCOMMODATION STRUCTURE FOR [&hellip;]<\/p>\n","protected":false},"author":1,"featured_media":4061,"parent":0,"menu_order":0,"comment_status":"closed","ping_status":"closed","template":"templates\/page-builder-content.php","meta":{"footnotes":""},"class_list":["post-2775","page","type-page","status-publish","has-post-thumbnail","hentry"],"_links":{"self":[{"href":"https:\/\/a-architecture.al\/sq\/wp-json\/wp\/v2\/pages\/2775","targetHints":{"allow":["GET"]}}],"collection":[{"href":"https:\/\/a-architecture.al\/sq\/wp-json\/wp\/v2\/pages"}],"about":[{"href":"https:\/\/a-architecture.al\/sq\/wp-json\/wp\/v2\/types\/page"}],"author":[{"embeddable":true,"href":"https:\/\/a-architecture.al\/sq\/wp-json\/wp\/v2\/users\/1"}],"replies":[{"embeddable":true,"href":"https:\/\/a-architecture.al\/sq\/wp-json\/wp\/v2\/comments?post=2775"}],"version-history":[{"count":9,"href":"https:\/\/a-architecture.al\/sq\/wp-json\/wp\/v2\/pages\/2775\/revisions"}],"predecessor-version":[{"id":4053,"href":"https:\/\/a-architecture.al\/sq\/wp-json\/wp\/v2\/pages\/2775\/revisions\/4053"}],"wp:featuredmedia":[{"embeddable":true,"href":"https:\/\/a-architecture.al\/sq\/wp-json\/wp\/v2\/media\/4061"}],"wp:attachment":[{"href":"https:\/\/a-architecture.al\/sq\/wp-json\/wp\/v2\/media?parent=2775"}],"curies":[{"name":"wp","href":"https:\/\/api.w.org\/{rel}","templated":true}]}}