{"id":2774,"date":"2018-06-19T10:45:59","date_gmt":"2018-06-19T10:45:59","guid":{"rendered":"https:\/\/a-architecture.al\/services\/"},"modified":"2026-02-08T10:08:20","modified_gmt":"2026-02-08T10:08:20","slug":"services","status":"publish","type":"page","link":"https:\/\/a-architecture.al\/sq\/services\/","title":{"rendered":"Sh\u00ebrbime"},"content":{"rendered":"<div data-elementor-type=\"wp-post\" data-elementor-id=\"2774\" class=\"elementor elementor-2774\">\n\t\t\t\t<div class=\"aux-parallax-section elementor-element elementor-element-6d3f161 e-flex e-con-boxed e-con e-parent\" data-id=\"6d3f161\" data-element_type=\"container\" data-e-type=\"container\" data-settings=\"{&quot;background_background&quot;:&quot;classic&quot;}\">\n\t\t\t\t\t<div class=\"e-con-inner\">\n\t\t<div class=\"elementor-element elementor-element-e9045aa aux-appear-watch-animation aux-fade-in-right e-con-full e-flex e-con e-child\" data-id=\"e9045aa\" data-element_type=\"container\" data-e-type=\"container\">\n\t\t\t\t<div class=\"elementor-element elementor-element-2c17235 elementor-widget elementor-widget-aux_modern_heading\" data-id=\"2c17235\" data-element_type=\"widget\" data-e-type=\"widget\" data-widget_type=\"aux_modern_heading.default\">\n\t\t\t\t<div class=\"elementor-widget-container\">\n\t\t\t\t\t<section class=\"aux-widget-modern-heading\">\n            <div class=\"aux-widget-inner\"><h2 class=\"aux-modern-heading-primary\">Sh\u00ebrbime<\/h2><\/div>\n        <\/section>\t\t\t\t<\/div>\n\t\t\t\t<\/div>\n\t\t\t\t<\/div>\n\t\t\t\t\t<\/div>\n\t\t\t\t<\/div>\n\t\t<div class=\"aux-parallax-section elementor-element elementor-element-639556f7 e-con-full e-flex e-con e-parent\" data-id=\"639556f7\" data-element_type=\"container\" data-e-type=\"container\">\n\t\t<div class=\"elementor-element elementor-element-50bce458 e-con-full e-flex e-con e-child\" data-id=\"50bce458\" data-element_type=\"container\" data-e-type=\"container\">\n\t\t\t\t<div class=\"elementor-element elementor-element-7feeb406 aux-appear-watch-animation aux-fade-in-up elementor-widget elementor-widget-aux_modern_heading\" data-id=\"7feeb406\" data-element_type=\"widget\" data-e-type=\"widget\" data-widget_type=\"aux_modern_heading.default\">\n\t\t\t\t<div class=\"elementor-widget-container\">\n\t\t\t\t\t<section class=\"aux-widget-modern-heading\">\n            <div class=\"aux-widget-inner\"><h2 class=\"aux-modern-heading-primary\">T\u00cb SPECIALIZUAR<\/h2><h3 class=\"aux-modern-heading-secondary\"><span class=\"aux-head-before\">Ne sjellim risi<\/span><\/h3><div class=\"aux-modern-heading-divider\"><\/div><\/div>\n        <\/section>\t\t\t\t<\/div>\n\t\t\t\t<\/div>\n\t\t<div class=\"elementor-element elementor-element-6e5f21cd e-con-full e-flex e-con e-child\" data-id=\"6e5f21cd\" data-element_type=\"container\" data-e-type=\"container\">\n\t\t<div class=\"elementor-element elementor-element-5a9936fb aux-appear-watch-animation aux-scale-down e-con-full e-flex e-con e-child\" data-id=\"5a9936fb\" data-element_type=\"container\" data-e-type=\"container\">\n\t\t\t\t<div class=\"elementor-element elementor-element-5fb46467 elementor-widget elementor-widget-aux_text\" data-id=\"5fb46467\" data-element_type=\"widget\" data-e-type=\"widget\" data-widget_type=\"aux_text.default\">\n\t\t\t\t<div class=\"elementor-widget-container\">\n\t\t\t\t\t<section class=\"widget-container aux-widget-text aux-parent-aubc25daad\">        <div class=\"aux-widget-advanced-text aux-wrap-style-simple aux-ico-pos-top aux-text-center aux-text-resp- aux-text-color-dark aux-text-widget-bg-center\" >\n        \n                            <div class=\"aux-text-widget-header\"  >\n                        <div class=\"aux-ico-box aux-ico-large aux-img-box aux-ico-shape-default aux-ico-clear\">\n                                                                <img decoding=\"async\" width=\"75\" height=\"75\" src=\"https:\/\/a-architecture.al\/wp-content\/uploads\/2025\/11\/nick-wessaert-JI01fn0U7Cg-unsplash-75x75.jpg\" class=\"aux-attachment aux-featured-image aux-attachment-id-3438\" alt=\"A+ Architecture Studio in Tirana\" srcset=\"https:\/\/a-architecture.al\/wp-content\/uploads\/2025\/11\/nick-wessaert-JI01fn0U7Cg-unsplash-150x150.jpg 150w,https:\/\/a-architecture.al\/wp-content\/uploads\/2025\/11\/nick-wessaert-JI01fn0U7Cg-unsplash-300x300.jpg 300w,https:\/\/a-architecture.al\/wp-content\/uploads\/2025\/11\/nick-wessaert-JI01fn0U7Cg-unsplash-768x768.jpg 768w,https:\/\/a-architecture.al\/wp-content\/uploads\/2025\/11\/nick-wessaert-JI01fn0U7Cg-unsplash-1024x1024.jpg 1024w,https:\/\/a-architecture.al\/wp-content\/uploads\/2025\/11\/nick-wessaert-JI01fn0U7Cg-unsplash-75x75.jpg 75w\" data-ratio=\"1\" data-original-w=\"1920\" \/>                                                    <\/div>\n                <\/div>\n            \n            <div class=\"aux-text-inner aux-text-widget-content\">\n                                <h4 class=\"col-title\">ARKITEKTUR\u00cb<\/h4>\n                                <div class=\"widget-content\">\n                                        <p>Ne projektojm\u00eb hap\u00ebsira praktike dhe elegante, q\u00eb marrin form\u00eb n\u00eb baz\u00eb t\u00eb funksionit, qart\u00ebsis\u00eb dhe vlerave t\u00eb q\u00ebndrueshme q\u00eb p\u00ebrkufizojn\u00eb arkitektur\u00ebn e p\u00ebrhershme.<\/p>                <\/div>\n                <a  href=\"https:\/\/a-architecture.al\/sq\/architecture\/\" target=\"_blank\"   class=\"aux-button aux-medium aux-masala aux-none aux-outline\" ><span class=\"aux-overlay\"><\/span><span class=\"aux-text\">M\u00eb shum\u00eb<\/span><\/a>            <\/div>\n        <\/div>\n                    <div class=\"aux-text-widget-footer\">\n                <div class=\"aux-border-shape-none\">\n                                <\/div>\n            <\/div>\n        \n<\/section><!-- widget-container -->\t\t\t\t<\/div>\n\t\t\t\t<\/div>\n\t\t\t\t<\/div>\n\t\t<div class=\"elementor-element elementor-element-23be1cb7 aux-appear-watch-animation aux-scale-down e-con-full e-flex e-con e-child\" data-id=\"23be1cb7\" data-element_type=\"container\" data-e-type=\"container\">\n\t\t\t\t<div class=\"elementor-element elementor-element-6dd43b6f elementor-widget elementor-widget-aux_text\" data-id=\"6dd43b6f\" data-element_type=\"widget\" data-e-type=\"widget\" data-widget_type=\"aux_text.default\">\n\t\t\t\t<div class=\"elementor-widget-container\">\n\t\t\t\t\t<section class=\"widget-container aux-widget-text aux-parent-au49572232\">        <div class=\"aux-widget-advanced-text aux-wrap-style-simple aux-ico-pos-top aux-text-center aux-text-resp- aux-text-color-dark aux-text-widget-bg-center\" >\n        \n                            <div class=\"aux-text-widget-header\"  >\n                        <div class=\"aux-ico-box aux-ico-large aux-img-box aux-ico-shape-default aux-ico-clear\">\n                                                                <img decoding=\"async\" width=\"75\" height=\"75\" src=\"https:\/\/a-architecture.al\/wp-content\/uploads\/2025\/12\/ChatGPT-Image-Dec-3-2025-10_42_39-PM-75x75.jpg\" class=\"aux-attachment aux-featured-image aux-attachment-id-4084\" alt=\"Karrige\" srcset=\"https:\/\/a-architecture.al\/wp-content\/uploads\/2025\/12\/ChatGPT-Image-Dec-3-2025-10_42_39-PM-150x150.jpg 150w,https:\/\/a-architecture.al\/wp-content\/uploads\/2025\/12\/ChatGPT-Image-Dec-3-2025-10_42_39-PM-300x300.jpg 300w,https:\/\/a-architecture.al\/wp-content\/uploads\/2025\/12\/ChatGPT-Image-Dec-3-2025-10_42_39-PM-768x768.jpg 768w,https:\/\/a-architecture.al\/wp-content\/uploads\/2025\/12\/ChatGPT-Image-Dec-3-2025-10_42_39-PM-1024x1024.jpg 1024w,https:\/\/a-architecture.al\/wp-content\/uploads\/2025\/12\/ChatGPT-Image-Dec-3-2025-10_42_39-PM-75x75.jpg 75w\" data-ratio=\"1\" data-original-w=\"1536\" \/>                                                    <\/div>\n                <\/div>\n            \n            <div class=\"aux-text-inner aux-text-widget-content\">\n                                <h4 class=\"col-title\">INTERIOR DIZAJN<\/h4>\n                                <div class=\"widget-content\">\n                                        <p>Krijojm\u00eb interiere t\u00eb ngrohta dhe t\u00eb balancuara, duke nd\u00ebrthurur komoditetin me prakticitetin p\u00ebr ta kthyer \u00e7do ambient n\u00eb nj\u00eb hap\u00ebsir\u00eb v\u00ebrtet\u00eb t\u00eb personalizuar.<\/p>                <\/div>\n                <a  href=\"https:\/\/a-architecture.al\/sq\/interior\/\" target=\"_blank\"   class=\"aux-button aux-medium aux-masala aux-none aux-outline\" ><span class=\"aux-overlay\"><\/span><span class=\"aux-text\">M\u00eb shum\u00eb<\/span><\/a>            <\/div>\n        <\/div>\n                    <div class=\"aux-text-widget-footer\">\n                <div class=\"aux-border-shape-none\">\n                                <\/div>\n            <\/div>\n        \n<\/section><!-- widget-container -->\t\t\t\t<\/div>\n\t\t\t\t<\/div>\n\t\t\t\t<\/div>\n\t\t<div class=\"elementor-element elementor-element-538a9453 aux-appear-watch-animation aux-scale-down e-con-full e-flex e-con e-child\" data-id=\"538a9453\" data-element_type=\"container\" data-e-type=\"container\">\n\t\t\t\t<div class=\"elementor-element elementor-element-76659107 elementor-widget elementor-widget-aux_text\" data-id=\"76659107\" data-element_type=\"widget\" data-e-type=\"widget\" data-widget_type=\"aux_text.default\">\n\t\t\t\t<div class=\"elementor-widget-container\">\n\t\t\t\t\t<section class=\"widget-container aux-widget-text aux-parent-au06cf3168\">        <div class=\"aux-widget-advanced-text aux-wrap-style-simple aux-ico-pos-top aux-text-center aux-text-resp- aux-text-color-dark aux-text-widget-bg-center\" >\n        \n                            <div class=\"aux-text-widget-header\"  >\n                        <div class=\"aux-ico-box aux-ico-large aux-img-box aux-ico-shape-default aux-ico-clear\">\n                                                                <img decoding=\"async\" width=\"75\" height=\"75\" src=\"https:\/\/a-architecture.al\/wp-content\/uploads\/2025\/12\/Catia-75x75.jpg\" class=\"aux-attachment aux-featured-image aux-attachment-id-3825\" alt=\"\u00c7atia\" srcset=\"https:\/\/a-architecture.al\/wp-content\/uploads\/2025\/12\/Catia-150x150.jpg 150w,https:\/\/a-architecture.al\/wp-content\/uploads\/2025\/12\/Catia-300x300.jpg 300w,https:\/\/a-architecture.al\/wp-content\/uploads\/2025\/12\/Catia-768x768.jpg 768w,https:\/\/a-architecture.al\/wp-content\/uploads\/2025\/12\/Catia-1024x1024.jpg 1024w,https:\/\/a-architecture.al\/wp-content\/uploads\/2025\/12\/Catia-75x75.jpg 75w\" data-ratio=\"1\" data-original-w=\"1536\" \/>                                                    <\/div>\n                <\/div>\n            \n            <div class=\"aux-text-inner aux-text-widget-content\">\n                                <h4 class=\"col-title\">RESTAURIME<\/h4>\n                                <div class=\"widget-content\">\n                                        <p>Ruajm\u00eb nd\u00ebrtesat ekzistuese me respekt dhe kujdes, duke rikthyer detajet q\u00eb pasqyrojn\u00eb historin\u00eb e tyre dhe duke u siguruar q\u00eb ato t\u00eb q\u00ebndrojn\u00eb p\u00ebr brezat q\u00eb vijn\u00eb.<\/p>                <\/div>\n                <a  href=\"https:\/\/a-architecture.al\/sq\/restoration\/\" target=\"_blank\"   class=\"aux-button aux-medium aux-masala aux-none aux-outline\" ><span class=\"aux-overlay\"><\/span><span class=\"aux-text\">M\u00eb shum\u00eb<\/span><\/a>            <\/div>\n        <\/div>\n                    <div class=\"aux-text-widget-footer\">\n                <div class=\"aux-border-shape-none\">\n                                <\/div>\n            <\/div>\n        \n<\/section><!-- widget-container -->\t\t\t\t<\/div>\n\t\t\t\t<\/div>\n\t\t\t\t<\/div>\n\t\t<div class=\"elementor-element elementor-element-543ac67d aux-appear-watch-animation aux-scale-down e-con-full e-flex e-con e-child\" data-id=\"543ac67d\" data-element_type=\"container\" data-e-type=\"container\">\n\t\t\t\t<div class=\"elementor-element elementor-element-5a6f8ba4 elementor-widget elementor-widget-aux_text\" data-id=\"5a6f8ba4\" data-element_type=\"widget\" data-e-type=\"widget\" data-widget_type=\"aux_text.default\">\n\t\t\t\t<div class=\"elementor-widget-container\">\n\t\t\t\t\t<section class=\"widget-container aux-widget-text aux-parent-aueb3b1670\">        <div class=\"aux-widget-advanced-text aux-wrap-style-simple aux-ico-pos-top aux-text-center aux-text-resp- aux-text-color-dark aux-text-widget-bg-center\" >\n        \n                            <div class=\"aux-text-widget-header\"  >\n                        <div class=\"aux-ico-box aux-ico-large aux-img-box aux-ico-shape-default aux-ico-clear\">\n                                                                <img loading=\"lazy\" decoding=\"async\" width=\"75\" height=\"75\" src=\"https:\/\/a-architecture.al\/wp-content\/uploads\/2025\/12\/WhatsApp-Image-2025-01-25-at-20.40.47-75x75.jpeg\" class=\"aux-attachment aux-featured-image aux-attachment-id-3711\" alt=\"WhatsApp Image 2025-01-25 at 20.40.47\" srcset=\"https:\/\/a-architecture.al\/wp-content\/uploads\/2025\/12\/WhatsApp-Image-2025-01-25-at-20.40.47-150x150.jpeg 150w,https:\/\/a-architecture.al\/wp-content\/uploads\/2025\/12\/WhatsApp-Image-2025-01-25-at-20.40.47-300x300.jpeg 300w,https:\/\/a-architecture.al\/wp-content\/uploads\/2025\/12\/WhatsApp-Image-2025-01-25-at-20.40.47-768x768.jpeg 768w,https:\/\/a-architecture.al\/wp-content\/uploads\/2025\/12\/WhatsApp-Image-2025-01-25-at-20.40.47-1024x1024.jpeg 1024w,https:\/\/a-architecture.al\/wp-content\/uploads\/2025\/12\/WhatsApp-Image-2025-01-25-at-20.40.47-75x75.jpeg 75w\" data-ratio=\"1\" data-original-w=\"1920\" \/>                                                    <\/div>\n                <\/div>\n            \n            <div class=\"aux-text-inner aux-text-widget-content\">\n                                <h4 class=\"col-title\">T\u00cb TJERA<\/h4>\n                                <div class=\"widget-content\">\n                                        <p style=\"text-align: left\" class=\"translation-block\">\u2022 Dokumentacion teknik<br data-start=\"106\" data-end=\"109\">\u2022 Analiza e gj\u00ebndjes<br data-start=\"133\" data-end=\"136\">\u2022 Plane zhvillimi<br data-start=\"162\" data-end=\"165\">\u2022 Mbik\u00ebqyrje dhe koordimin<\/p>                <\/div>\n                <a  href=\"https:\/\/a-architecture.al\/sq\/others\/\" target=\"_blank\"   class=\"aux-button aux-medium aux-masala aux-none aux-outline\" ><span class=\"aux-overlay\"><\/span><span class=\"aux-text\">M\u00eb shum\u00eb<\/span><\/a>            <\/div>\n        <\/div>\n                    <div class=\"aux-text-widget-footer\">\n                <div class=\"aux-border-shape-none\">\n                                <\/div>\n            <\/div>\n        \n<\/section><!-- widget-container -->\t\t\t\t<\/div>\n\t\t\t\t<\/div>\n\t\t\t\t<\/div>\n\t\t\t\t<\/div>\n\t\t\t\t<\/div>\n\t\t\t\t<\/div>\n\t\t<div class=\"aux-parallax-section elementor-element elementor-element-0beeb89 e-flex e-con-boxed e-con e-parent\" data-id=\"0beeb89\" data-element_type=\"container\" data-e-type=\"container\">\n\t\t\t\t\t<div class=\"e-con-inner\">\n\t\t\t\t\t<\/div>\n\t\t\t\t<\/div>\n\t\t<div class=\"aux-parallax-section elementor-element elementor-element-2a9459b e-flex e-con-boxed e-con e-parent\" data-id=\"2a9459b\" data-element_type=\"container\" data-e-type=\"container\" data-settings=\"{&quot;background_background&quot;:&quot;classic&quot;}\">\n\t\t\t\t\t<div class=\"e-con-inner\">\n\t\t<div class=\"elementor-element elementor-element-910cef8 e-con-full e-flex e-con e-child\" data-id=\"910cef8\" data-element_type=\"container\" data-e-type=\"container\">\n\t\t\t\t<div class=\"elementor-element elementor-element-cb10dce aux-appear-watch-animation aux-fade-in-up elementor-widget elementor-widget-aux_modern_heading\" data-id=\"cb10dce\" data-element_type=\"widget\" data-e-type=\"widget\" data-widget_type=\"aux_modern_heading.default\">\n\t\t\t\t<div class=\"elementor-widget-container\">\n\t\t\t\t\t<section class=\"aux-widget-modern-heading\">\n            <div class=\"aux-widget-inner\"><h2 class=\"aux-modern-heading-primary\">Qasja jon\u00eb<\/h2><h3 class=\"aux-modern-heading-secondary\"><span class=\"aux-head-before\">Dizajne <br> t\u00eb ve\u00e7anta<\/span><\/h3><div class=\"aux-modern-heading-divider\"><\/div><div class=\"aux-modern-heading-description\"><p>T\u00eb mb\u00ebshtetura n\u00eb analiz\u00eb t\u00eb holl\u00ebsishme, p\u00ebrzgjedhje t\u00eb kujdesshme  materialesh dhe v\u00ebmendje ndaj \u00e7do detaji, krijojm\u00eb dizajne t\u00eb qarta, elegante dhe q\u00eb i rezistojn\u00eb koh\u00ebs.<\/p><\/div><\/div>\n        <\/section>\t\t\t\t<\/div>\n\t\t\t\t<\/div>\n\t\t\t\t<div class=\"elementor-element elementor-element-fe80b74 elementor-widget elementor-widget-aux_modern_button\" data-id=\"fe80b74\" data-element_type=\"widget\" data-e-type=\"widget\" data-widget_type=\"aux_modern_button.default\">\n\t\t\t\t<div class=\"elementor-widget-container\">\n\t\t\t\t\t    <div class=\"aux-modern-button-wrapper aux-modern-button-align-left\" >\n                    <a class=\"aux-modern-button aux-black aux-modern-button-md aux-modern-button-normal aux-modern-button-outline aux-icon-\" href=\"https:\/\/a-architecture.al\/sq\/about-us\/\">\n                <div class=\"aux-overlay\"><\/div>\n                                    <div class=\"aux-icon\">\n                                            <\/div>\n                                <div class=\"aux-text\">\n<span class=\"aux-text-before\">Lexo m\u00eb shum\u00eb<\/span>                <\/div>\n            <\/a>\n            \n    <\/div>\n\n    \t\t\t\t<\/div>\n\t\t\t\t<\/div>\n\t\t\t\t<\/div>\n\t\t<div class=\"elementor-element elementor-element-0cef2e7 aux-appear-watch-animation aux-fade-in-right-1 e-con-full e-flex e-con e-child\" data-id=\"0cef2e7\" data-element_type=\"container\" data-e-type=\"container\">\n\t\t\t\t<div class=\"elementor-element elementor-element-ec79b03 elementor-widget elementor-widget-aux_image\" data-id=\"ec79b03\" data-element_type=\"widget\" data-e-type=\"widget\" data-widget_type=\"aux_image.default\">\n\t\t\t\t<div class=\"elementor-widget-container\">\n\t\t\t\t\t<section class=\"widget-container aux-widget-image aux-alignnone aux-parent-aubd2f189f\">\n    <div class=\"aux-media-hint-frame\">\n        <div class=\"aux-media-image\" >\n        \n            \n\n            \n            <img loading=\"lazy\" decoding=\"async\" width=\"613\" height=\"700\" src=\"data:image\/gif;base64,R0lGODlhAQABAIAAAAAAAP\/\/\/yH5BAEAAAAALAAAAAABAAEAAAIBRAA7\" class=\"aux-attachment aux-featured-image aux-attachment-id-3496 aux-preload aux-blank\" alt=\"restorant Himare_PhysCamera013\" data-ratio=\"0.88\" data-original-w=\"1556\" sizes=\"auto\" data-srcset=\"https:\/\/a-architecture.al\/wp-content\/uploads\/2025\/11\/restorant-Himare_PhysCamera013-150x171.jpg 150w,https:\/\/a-architecture.al\/wp-content\/uploads\/2025\/11\/restorant-Himare_PhysCamera013-300x343.jpg 300w,https:\/\/a-architecture.al\/wp-content\/uploads\/2025\/11\/restorant-Himare_PhysCamera013-768x877.jpg 768w,https:\/\/a-architecture.al\/wp-content\/uploads\/2025\/11\/restorant-Himare_PhysCamera013-1024x1169.jpg 1024w,https:\/\/a-architecture.al\/wp-content\/uploads\/2025\/11\/restorant-Himare_PhysCamera013-613x700.jpg 613w\" data-src=\"https:\/\/a-architecture.al\/wp-content\/uploads\/2025\/11\/restorant-Himare_PhysCamera013-613x700.jpg\" \/>            \n                <\/div>\n    <\/div>\n\n<\/section><!-- widget-container -->\t\t\t\t<\/div>\n\t\t\t\t<\/div>\n\t\t\t\t<\/div>\n\t\t<div class=\"elementor-element elementor-element-a453d88 aux-appear-watch-animation aux-fade-in-right-1 e-con-full e-flex e-con e-child\" data-id=\"a453d88\" data-element_type=\"container\" data-e-type=\"container\">\n\t\t\t\t<div class=\"elementor-element elementor-element-f4fff37 elementor-widget elementor-widget-aux_image\" data-id=\"f4fff37\" data-element_type=\"widget\" data-e-type=\"widget\" data-widget_type=\"aux_image.default\">\n\t\t\t\t<div class=\"elementor-widget-container\">\n\t\t\t\t\t<section class=\"widget-container aux-widget-image aux-alignnone aux-parent-aua5bee609\">\n    <div class=\"aux-media-hint-frame\">\n        <div class=\"aux-media-image\" >\n        \n            \n\n            \n            <img loading=\"lazy\" decoding=\"async\" width=\"365\" height=\"700\" src=\"data:image\/gif;base64,R0lGODlhAQABAIAAAAAAAP\/\/\/yH5BAEAAAAALAAAAAABAAEAAAIBRAA7\" class=\"aux-attachment aux-featured-image aux-attachment-id-3437 aux-preload aux-blank\" alt=\"hyhh_10 - Photo\" data-ratio=\"0.52\" data-original-w=\"1920\" sizes=\"auto\" data-srcset=\"https:\/\/a-architecture.al\/wp-content\/uploads\/2025\/11\/hyhh_10-Photo-150x288.jpg 150w,https:\/\/a-architecture.al\/wp-content\/uploads\/2025\/11\/hyhh_10-Photo-300x575.jpg 300w,https:\/\/a-architecture.al\/wp-content\/uploads\/2025\/11\/hyhh_10-Photo-768x1473.jpg 768w,https:\/\/a-architecture.al\/wp-content\/uploads\/2025\/11\/hyhh_10-Photo-1024x1964.jpg 1024w,https:\/\/a-architecture.al\/wp-content\/uploads\/2025\/11\/hyhh_10-Photo-365x700.jpg 365w\" data-src=\"https:\/\/a-architecture.al\/wp-content\/uploads\/2025\/11\/hyhh_10-Photo-365x700.jpg\" \/>            \n                <\/div>\n    <\/div>\n\n<\/section><!-- widget-container -->\t\t\t\t<\/div>\n\t\t\t\t<\/div>\n\t\t\t\t<\/div>\n\t\t\t\t\t<\/div>\n\t\t\t\t<\/div>\n\t\t<div class=\"aux-parallax-section elementor-element elementor-element-4ccb29e e-flex e-con-boxed e-con e-parent\" data-id=\"4ccb29e\" data-element_type=\"container\" data-e-type=\"container\" data-settings=\"{&quot;background_background&quot;:&quot;classic&quot;}\">\n\t\t\t\t\t<div class=\"e-con-inner\">\n\t\t<div class=\"elementor-element elementor-element-783f4e0 e-con-full e-flex e-con e-child\" data-id=\"783f4e0\" data-element_type=\"container\" data-e-type=\"container\">\n\t\t\t\t<div class=\"elementor-element elementor-element-f3766d8 aux-appear-watch-animation aux-scale-down elementor-widget elementor-widget-aux_modern_heading\" data-id=\"f3766d8\" data-element_type=\"widget\" data-e-type=\"widget\" data-widget_type=\"aux_modern_heading.default\">\n\t\t\t\t<div class=\"elementor-widget-container\">\n\t\t\t\t\t<section class=\"aux-widget-modern-heading\">\n            <div class=\"aux-widget-inner\"><h2 class=\"aux-modern-heading-primary\">Na shkruani<\/h2><div class=\"aux-modern-heading-description\"><p>Ne jemi gati t\u2019ju mb\u00ebshtesim n\u00eb \u00e7do hap. Na kontaktoni dhe s\u00eb bashku do ta kthejm\u00eb konceptin tuaj n\u00eb realitet.<\/p><\/div><\/div>\n        <\/section>\t\t\t\t<\/div>\n\t\t\t\t<\/div>\n\t\t\t\t<div class=\"elementor-element elementor-element-4fa11f8 elementor-widget elementor-widget-aux_modern_button\" data-id=\"4fa11f8\" data-element_type=\"widget\" data-e-type=\"widget\" data-widget_type=\"aux_modern_button.default\">\n\t\t\t\t<div class=\"elementor-widget-container\">\n\t\t\t\t\t    <div class=\"aux-modern-button-wrapper aux-modern-button-align-center\" >\n                    <a class=\"aux-modern-button aux-white aux-modern-button-xl aux-modern-button-normal aux-modern-button-default aux-icon-right\" href=\"https:\/\/a-architecture.al\/sq\/contact-us\/\">\n                <div class=\"aux-overlay\"><\/div>\n                                    <div class=\"aux-icon\">\n                        <i aria-hidden=\"true\" class=\"auxicon2 auxicon2-arrow-chevron-small-right\"><\/i>                    <\/div>\n                                <div class=\"aux-text\">\n<span class=\"aux-text-before\">NA KONTAKTONI<\/span>                <\/div>\n            <\/a>\n            \n    <\/div>\n\n    \t\t\t\t<\/div>\n\t\t\t\t<\/div>\n\t\t\t\t<\/div>\n\t\t\t\t\t<\/div>\n\t\t\t\t<\/div>\n\t\t\t\t<\/div>","protected":false},"excerpt":{"rendered":"<p>Services SPECIALIZATION We are innovative ARCHITECTURE We design practical and elegant spaces, shaped by function, clarity, and the lasting values that define timeless architectural work. More INTERIOR DESIGN We create warm and balanced interiors, combining comfort and practicality to transform any room into a place that truly feels personal. More RESTORATION We preserve existing buildings [&hellip;]<\/p>\n","protected":false},"author":1,"featured_media":3551,"parent":0,"menu_order":0,"comment_status":"closed","ping_status":"closed","template":"","meta":{"footnotes":""},"class_list":["post-2774","page","type-page","status-publish","has-post-thumbnail","hentry"],"_links":{"self":[{"href":"https:\/\/a-architecture.al\/sq\/wp-json\/wp\/v2\/pages\/2774","targetHints":{"allow":["GET"]}}],"collection":[{"href":"https:\/\/a-architecture.al\/sq\/wp-json\/wp\/v2\/pages"}],"about":[{"href":"https:\/\/a-architecture.al\/sq\/wp-json\/wp\/v2\/types\/page"}],"author":[{"embeddable":true,"href":"https:\/\/a-architecture.al\/sq\/wp-json\/wp\/v2\/users\/1"}],"replies":[{"embeddable":true,"href":"https:\/\/a-architecture.al\/sq\/wp-json\/wp\/v2\/comments?post=2774"}],"version-history":[{"count":138,"href":"https:\/\/a-architecture.al\/sq\/wp-json\/wp\/v2\/pages\/2774\/revisions"}],"predecessor-version":[{"id":4235,"href":"https:\/\/a-architecture.al\/sq\/wp-json\/wp\/v2\/pages\/2774\/revisions\/4235"}],"wp:featuredmedia":[{"embeddable":true,"href":"https:\/\/a-architecture.al\/sq\/wp-json\/wp\/v2\/media\/3551"}],"wp:attachment":[{"href":"https:\/\/a-architecture.al\/sq\/wp-json\/wp\/v2\/media?parent=2774"}],"curies":[{"name":"wp","href":"https:\/\/api.w.org\/{rel}","templated":true}]}}